{"id":130,"date":"2018-05-20T15:16:49","date_gmt":"2018-05-20T15:16:49","guid":{"rendered":"http:\/\/barbershop-weiden.de\/?page_id=130"},"modified":"2023-11-07T17:12:27","modified_gmt":"2023-11-07T17:12:27","slug":"front-page","status":"publish","type":"page","link":"https:\/\/barbershop-weiden.de\/","title":{"rendered":"Front Page"},"content":{"rendered":"<p>[vc_section el_name=&#8220;Who We Are&#8220; bklyn_section_anchor_id=&#8220;Who We Are&#8220;][vc_row][vc_column width=&#8220;5\/12&#8243;]<div  class=\"wpb_content_element   clearfix\"><style type=\"text\/css\" scoped>#ut_am_69fc771b70891 { opacity: 1; }<\/style><div id=\"ut_am_wrap_69fc771b70892\" class=\"ut-image-gallery-image \" style=\"text-align:left;\"><div class=\"ut-animated-image-item ut-image-gallery-item ut-animation-done\"><a class=\"ut-deactivated-link\" href=\"#\"><img  id=\"ut_am_69fc771b70891\" style=\"\" src=\"https:\/\/barbershop-weiden.de\/wp-content\/uploads\/2018\/05\/Scissors_72px.png\" width=\"45\" height=\"72\" alt=\"\"\/><\/a><\/div><\/div><\/div><div class=\"wpb_content_element \"><style type=\"text\/css\" scoped>#ut_header_69fc771b70bd6.pt-style-2 .page-title:after, #ut_header_69fc771b70bd6.pt-style-2 .parallax-title:after, #ut_header_69fc771b70bd6.pt-style-2 .section-title:after {background-color:!important;height: ;width: ;}<\/style><header id=\"ut_header_69fc771b70bd6\" class=\"section-header ut-no-title-linebreak-mobile ut-no-lead-linebreak-mobile pt-style-2 header-left\"><h2  class=\"section-title \"><span>Herzlich willkommen!<\/span><\/h2><div data-delay=\"0\" class=\"lead \"><p>Seit \u00fcber 7 Jahren d\u00fcrfen mein Team und ich nun mitten in Weidens Altstadt unser kleines Paradise f\u00fcr das m\u00e4nnliche Geschlecht betreiben. Ein Ort, an dem wir M\u00e4nner einfach mal nur Mann sein k\u00f6nnen! Hier ist Zeit f\u00fcr ein Bierchen, Zeitschrift, Musik sowie lockere Gespr\u00e4che unter Freunden \u2013 und wir verpassen euch einen stylischen Haarschnitt und eine professionelle Bartrasur.<\/p>\n<\/div><\/header><\/div><style type=\"text\/css\" scoped>#ut_custom_heading69fc771b71093 { color:#333333; }#ut_custom_heading69fc771b71093 { font-family:Nothing You Could Do;font-weight:400;font-style:normal; }#ut_custom_heading69fc771b71093 { font-size:30px; }#ut_custom_heading69fc771b71093 { text-align:left; }<\/style><div id=\"ut_custom_heading69fc771b71093\" class=\"ut-custom-heading-module  \" ><span>Onur Altinsoy<\/span><\/div>[\/vc_column][vc_column width=&#8220;7\/12&#8243;]<div  class=\"wpb_content_element   vc_custom_1558388514321 clearfix\"><style type=\"text\/css\" scoped>#ut_am_69fc771b71473 { opacity: 1; }<\/style><div id=\"ut_am_wrap_69fc771b71474\" class=\"ut-image-gallery-image \" style=\"text-align:center;\"><div class=\"ut-animated-image-item ut-image-gallery-item ut-animation-done\"><a class=\"ut-deactivated-link\" href=\"#\"><img  id=\"ut_am_69fc771b71473\" style=\"\" src=\"https:\/\/barbershop-weiden.de\/wp-content\/uploads\/2019\/05\/Onur-Vorstellung-2.jpg\" width=\"1920\" height=\"1251\" alt=\"\"\/><\/a><\/div><\/div><\/div>[\/vc_column][\/vc_row][vc_row][vc_column width=&#8220;1\/3&#8243;]<div  class=\"wpb_content_element   clearfix\"><style type=\"text\/css\" scoped>#ut_am_69fc771b71886 { opacity: 1; }<\/style><div id=\"ut_am_wrap_69fc771b71887\" class=\"ut-image-gallery-image \" style=\"text-align:left;\"><div class=\"ut-animated-image-item ut-image-gallery-item ut-animation-done\"><a class=\"ut-deactivated-link\" href=\"#\"><img  id=\"ut_am_69fc771b71886\" style=\"\" src=\"https:\/\/barbershop-weiden.de\/wp-content\/uploads\/2019\/05\/Komfortabel2-1300x867.jpg\" width=\"1300\" height=\"867\" alt=\"\"\/><\/a><\/div><\/div><\/div><div class=\"wpb_content_element \"><style type=\"text\/css\" scoped>#ut-svg-69fc771b718c8 { display:none; }#ut-svg-69fc771b718c8.ut-svg-loaded { display:block; }#ut-svg-69fc771b718c8 path { stroke:rgba(195, 159, 118, 1); }<\/style><div id=\"ut_sc_69fc771b718c7\"  class=\"ut-horizontal-style-align-left  clearfix \" ><div class=\"ut-service-column ut-service-column-horiz\"><h3>KOMFORTABEL | COMFORTABLE<\/h3><p>M\u00e4nner, lasst euch verw\u00f6hnen! Bei uns z\u00e4hlen nicht nur Haar- und Bartpflegeprodukte zum Standard \u2013 das gew\u00fcnschte Kalt- oder Hei\u00dfgetr\u00e4nk geh\u00f6rt selbstverst\u00e4ndlich dazu.<\/p><\/div><\/div><\/div>[\/vc_column][vc_column width=&#8220;1\/3&#8243;]<div  class=\"wpb_content_element   clearfix\"><style type=\"text\/css\" scoped>#ut_am_69fc771b71c82 { opacity: 1; }<\/style><div id=\"ut_am_wrap_69fc771b71c83\" class=\"ut-image-gallery-image \" style=\"text-align:left;\"><div class=\"ut-animated-image-item ut-image-gallery-item ut-animation-done\"><a class=\"ut-deactivated-link\" href=\"#\"><img  id=\"ut_am_69fc771b71c82\" style=\"\" src=\"https:\/\/barbershop-weiden.de\/wp-content\/uploads\/2019\/05\/Professionell-1300x867.jpg\" width=\"1300\" height=\"867\" alt=\"\"\/><\/a><\/div><\/div><\/div><div class=\"wpb_content_element \"><style type=\"text\/css\" scoped>#ut-svg-69fc771b71cad { display:none; }#ut-svg-69fc771b71cad.ut-svg-loaded { display:block; }#ut-svg-69fc771b71cad path { stroke:rgba(195, 159, 118, 1); }<\/style><div id=\"ut_sc_69fc771b71cac\"  class=\"ut-horizontal-style-align-left  clearfix \" ><div class=\"ut-service-column ut-service-column-horiz\"><h3>PROFESSIONELL | PROFESSIONAL<\/h3><p>Hier steht nicht nur &#8222;Barbershop&#8220; drauf! Unser gesamtes Team hat das Barbierhandwerk von der Pike auf erlernt und darf dieses t\u00e4glich mit viel Herzblut umsetzen.<\/p><\/div><\/div><\/div>[\/vc_column][vc_column width=&#8220;1\/3&#8243;]<div  class=\"wpb_content_element   clearfix\"><style type=\"text\/css\" scoped>#ut_am_69fc771b7209a { opacity: 1; }<\/style><div id=\"ut_am_wrap_69fc771b7209b\" class=\"ut-image-gallery-image \" style=\"text-align:left;\"><div class=\"ut-animated-image-item ut-image-gallery-item ut-animation-done\"><a class=\"ut-deactivated-link\" href=\"#\"><img  id=\"ut_am_69fc771b7209a\" style=\"\" src=\"https:\/\/barbershop-weiden.de\/wp-content\/uploads\/2019\/05\/Pra\u0308ziese-1300x867.jpg\" width=\"1300\" height=\"867\" alt=\"\"\/><\/a><\/div><\/div><\/div><div class=\"wpb_content_element \"><style type=\"text\/css\" scoped>#ut-svg-69fc771b720ca { display:none; }#ut-svg-69fc771b720ca.ut-svg-loaded { display:block; }#ut-svg-69fc771b720ca path { stroke:rgba(195, 159, 118, 1); }<\/style><div id=\"ut_sc_69fc771b720c9\"  class=\"ut-horizontal-style-align-left  clearfix \" ><div class=\"ut-service-column ut-service-column-horiz\"><h3>PR\u00c4ZISE | PRECISE<\/h3><p>Du bist so pingelig wie wir? Sehr gut! Wir versprechen: Perfekt getrimmte Haare! Einen perfekt getrimmten Bart! Bei uns bist du in den richtigen H\u00e4nden \u2013 versprochen!<\/p><\/div><\/div><\/div>[\/vc_column][\/vc_row][vc_row bklyn_overlay=&#8220;true&#8220; parallax=&#8220;content-moving&#8220; css=&#8220;.vc_custom_1526854038290{padding-top: 300px !important;padding-bottom: 260px !important;background-image: url(https:\/\/barbershop-weiden.de\/wp-content\/uploads\/2019\/06\/DSC08506-2.jpg) !important;background-position: center;background-repeat: no-repeat;background-size:cover;}&#8220; bklyn_overlay_color=&#8220;rgba(20, 22, 24, 0.35)&#8220;][vc_column]<div class=\"wpb_content_element \"><style type=\"text\/css\" scoped>#ut_header_69fc771b72114 h2 span { color:#ffffff; }#ut_header_69fc771b72114 .lead { color:rgba(255, 255, 255, 0.75); }#ut_header_69fc771b72114 .lead p { color:rgba(255, 255, 255, 0.75); }#ut_header_69fc771b72114.pt-style-2 .page-title:after, #ut_header_69fc771b72114.pt-style-2 .parallax-title:after, #ut_header_69fc771b72114.pt-style-2 .section-title:after {background-color: #c29e75 !important;height: ;width: ;}<\/style><header id=\"ut_header_69fc771b72114\" class=\"section-header ut-no-title-linebreak-mobile ut-no-lead-linebreak-mobile pt-style-2 header-center\"><h2  class=\"section-title \"><span>Termin?<br \/>\nDIREKT ONLINE BUCHEN<br \/>\noder kurz anrufen: +49 (0)961 471 861 62<\/span><\/h2><\/header><\/div>[vc_row_inner content_placement=&#8220;middle&#8220;][vc_column_inner width=&#8220;1\/3&#8243;][\/vc_column_inner][vc_column_inner width=&#8220;1\/3&#8243;][vc_raw_html]JTNDYSUyMGhyZWYlM0QlMjJodHRwcyUzQSUyRiUyRnd3dy5wbGFuaXR5LmNvbSUyRmRlLURFJTJGZWlnaHR5c2l4eC1iYXJiZXJzaG9wLTkyNjM3LXdlaWRlbi1pbi1kZXItb2JlcnBmYWx6JTJGJTIyJTIwdGFyZ2V0JTNEJTIyX2JsYW5rJTIyJTNFJTNDaW1nJTIwc3JjJTNEJTIyaHR0cHMlM0ElMkYlMkZiYXJiZXJzaG9wLXdlaWRlbi5kZSUyRndwLWNvbnRlbnQlMkZ1cGxvYWRzJTJGMjAyMyUyRjExJTJGQnV0dG9uX2pldHp0X2J1Y2hlbl93ZWlzcy5wbmclMjIlM0UlM0MlMkZhJTNF[\/vc_raw_html][\/vc_column_inner][vc_column_inner width=&#8220;1\/3&#8243;][\/vc_column_inner][\/vc_row_inner][\/vc_column][\/vc_row][\/vc_section][vc_section el_name=&#8220;Services&#8220; bklyn_section_anchor_id=&#8220;Services&#8220;][vc_row][vc_column]<div class=\"wpb_content_element \"><style type=\"text\/css\" scoped>#ut_header_69fc771b72490.pt-style-2 .page-title:after, #ut_header_69fc771b72490.pt-style-2 .parallax-title:after, #ut_header_69fc771b72490.pt-style-2 .section-title:after {background-color:!important;height: ;width: ;}<\/style><header id=\"ut_header_69fc771b72490\" class=\"section-header ut-no-title-linebreak-mobile ut-no-lead-linebreak-mobile pt-style-2 header-left\"><h2  class=\"section-title \"><span>UNSERE LEISTUNGEN | Our Services<\/span><\/h2><\/header><\/div>[\/vc_column][\/vc_row][vc_row][vc_column width=&#8220;1\/2&#8243;]<div class=\"wpb_content_element \"><style type=\"text\/css\" scoped>#ut_scv_69fc771b7298a .ut-service-icon i { color: rgba(195, 159, 118, 1); }<\/style><div id=\"ut_scv_69fc771b7298a\" class=\" clearfix  ut-vertical-style ut-vertical-style-align-center\" ><figure  class=\"ut-service-icon ut-custom-icon ut-service-icon-normal ut-service-icon-large\"><img alt=\"Gentleman&#039;s Haircut\" src=\"https:\/\/barbershop-weiden.de\/wp-content\/uploads\/2018\/05\/Vest_120px.png\"><\/figure><div class=\"ut-service-column ut-vertical\"><h3>Gentleman's Haircut<\/h3><p><\/p><\/div><\/div><\/div>[\/vc_column][vc_column width=&#8220;1\/2&#8243;]<div class=\"wpb_content_element \"><style type=\"text\/css\" scoped>#ut_scv_69fc771b72ca9 .ut-service-icon i { color: rgba(195, 159, 118, 1); }<\/style><div id=\"ut_scv_69fc771b72ca9\" class=\" clearfix  ut-vertical-style ut-vertical-style-align-center\" ><figure  class=\"ut-service-icon ut-custom-icon ut-service-icon-normal ut-service-icon-large\"><img alt=\"Beard Trim &amp; Shave\" src=\"https:\/\/barbershop-weiden.de\/wp-content\/uploads\/2018\/05\/Beard-4_120px.png\"><\/figure><div class=\"ut-service-column ut-vertical\"><h3>Beard Trim &amp; Shave<\/h3><p><\/p><\/div><\/div><\/div>[\/vc_column][\/vc_row][vc_row][vc_column width=&#8220;1\/2&#8243;]<div class=\"wpb_content_element \"><style type=\"text\/css\" scoped>#ut_scv_69fc771b72fb7 .ut-service-icon i { color: rgba(195, 159, 118, 1); }<\/style><div id=\"ut_scv_69fc771b72fb7\" class=\" clearfix  ut-vertical-style ut-vertical-style-align-center\" ><figure  class=\"ut-service-icon ut-custom-icon ut-service-icon-normal ut-service-icon-large\"><img alt=\"Haircut with Fade\" src=\"https:\/\/barbershop-weiden.de\/wp-content\/uploads\/2018\/05\/Barbers-Razor_120px.png\"><\/figure><div class=\"ut-service-column ut-vertical\"><h3>Haircut with Fade<\/h3><p><\/p><\/div><\/div><\/div>[\/vc_column][vc_column width=&#8220;1\/2&#8243;]<div class=\"wpb_content_element \"><style type=\"text\/css\" scoped>#ut_scv_69fc771b732e6 .ut-service-icon i { color: rgba(195, 159, 118, 1); }<\/style><div id=\"ut_scv_69fc771b732e6\" class=\" clearfix  ut-vertical-style ut-vertical-style-align-center\" ><figure  class=\"ut-service-icon ut-custom-icon ut-service-icon-normal ut-service-icon-large\"><img alt=\"Hair Wash &amp; Styling\" src=\"https:\/\/barbershop-weiden.de\/wp-content\/uploads\/2018\/05\/Hair-Dryer_120px.png\"><\/figure><div class=\"ut-service-column ut-vertical\"><h3>Hair Wash &amp; Styling<\/h3><p><\/p><\/div><\/div><\/div>[\/vc_column][\/vc_row][vc_row bklyn_overlay=&#8220;true&#8220; parallax=&#8220;content-moving&#8220; css=&#8220;.vc_custom_1526854029623{padding-top: 300px !important;padding-bottom: 260px !important;background-image: url(https:\/\/barbershop-weiden.de\/wp-content\/uploads\/2019\/05\/Vollbild1.jpg) !important;background-position: center;background-repeat: no-repeat;background-size:cover;}&#8220; bklyn_overlay_color=&#8220;rgba(20, 22, 24, 0.35)&#8220;][vc_column]<div class=\"wpb_content_element \"><style type=\"text\/css\" scoped>#ut_header_69fc771b7332f h2 span { color:#ffffff; }#ut_header_69fc771b7332f .lead { color:rgba(255, 255, 255, 0.75); }#ut_header_69fc771b7332f .lead p { color:rgba(255, 255, 255, 0.75); }#ut_header_69fc771b7332f.pt-style-2 .page-title:after, #ut_header_69fc771b7332f.pt-style-2 .parallax-title:after, #ut_header_69fc771b7332f.pt-style-2 .section-title:after {background-color: #c29e75 !important;height: ;width: ;}<\/style><header id=\"ut_header_69fc771b7332f\" class=\"section-header ut-no-title-linebreak-mobile ut-no-lead-linebreak-mobile pt-style-2 header-left\"><h2  class=\"section-title \"><span>Real Men go to Real Barbers!<\/span><\/h2><\/header><\/div>[\/vc_column][\/vc_row][\/vc_section][vc_section el_name=&#8220;Prices&#8220; bklyn_section_anchor_id=&#8220;Prices&#8220;][vc_row][vc_column]<div class=\"wpb_content_element \"><style type=\"text\/css\" scoped>#ut_header_69fc771b73668.pt-style-2 .page-title:after, #ut_header_69fc771b73668.pt-style-2 .parallax-title:after, #ut_header_69fc771b73668.pt-style-2 .section-title:after {background-color:!important;height: ;width: ;}<\/style><header id=\"ut_header_69fc771b73668\" class=\"section-header ut-no-title-linebreak-mobile ut-no-lead-linebreak-mobile pt-style-2 header-left\"><h2  class=\"section-title \"><span>UNSERE PREISE | Our Prices<\/span><\/h2><\/header><\/div>[\/vc_column][\/vc_row][vc_row][vc_column]<div  class=\"wpb_content_element   clearfix\"><style type=\"text\/css\" scoped>#ut_am_69fc771b73bad { opacity: 1; }<\/style><div id=\"ut_am_wrap_69fc771b73bae\" class=\"ut-image-gallery-image \" style=\"text-align:center;\"><div class=\"ut-animated-image-item ut-image-gallery-item ut-animation-done\"><a class=\"ut-deactivated-link\" href=\"#\"><img  id=\"ut_am_69fc771b73bad\" style=\"\" src=\"https:\/\/barbershop-weiden.de\/wp-content\/uploads\/2019\/05\/Onur-in-Action.jpg\" width=\"1920\" height=\"1116\" alt=\"\"\/><\/a><\/div><\/div><\/div>[\/vc_column][\/vc_row][vc_row][vc_column]<div class=\"wpb_content_element \"><style type=\"text\/css\" scoped>.ut_menu_skin_69fc771b73c7c .ut-table-menu-title span { color: #ffffff; }.ut_menu_skin_69fc771b73c7c .ut-table-menu-title span { background: #262626; }.ut_menu_skin_69fc771b73c7c .ut-table-menu .ut-table-menu-top { border-color: #dddddd; }.ut_menu_skin_69fc771b73c7c .ut-table-menu em, .ut-table-menu sup { color: #262626; }.ut_menu_skin_69fc771b73c7c .ut-table-menu sup { color: #262626; }.ut_menu_skin_69fc771b73c7c .ut-table-menu em { background: #ffffff; }<\/style><div class=\"ut-table-menu-wrap ut_menu_skin_69fc771b73c7c ut-one-half\"><h3 class=\"ut-table-menu-title\"><span>Cuts & Shaves<\/span><\/h3><div class=\"ut-table-menu\"><div class=\"ut-table-menu-top\"><h6>GENTLEMAN'S HAIRCUT<\/h6><p><em>\u20ac30<\/em><\/p><\/div><div class=\"ut-table-menu-bottom\"><p style=\"text-transform:uppercase\">Klassischer Haarschnitt inkl. Waschen und Styling<\/p><\/div><div class=\"ut-table-menu-top\"><h6>BOY'S HAIRCUT<\/h6><p><em>\u20ac23<\/em><\/p><\/div><div class=\"ut-table-menu-bottom\"><p style=\"text-transform:uppercase\">Haarschnitt f\u00fcr Buben bis 14 Jahre<\/p><\/div><div class=\"ut-table-menu-top\"><h6>CUT & SHAVE<\/h6><p><em>\u20ac43<\/em><\/p><\/div><div class=\"ut-table-menu-bottom\"><p style=\"text-transform:uppercase\">Paket aus klassischen Haarschnitt und klassischer Nassrasur<\/p><\/div><\/div><\/div><div class=\"ut-table-menu-wrap ut_menu_skin_69fc771b73c7c ut-one-half ut-column-last\"><h3 class=\"ut-table-menu-title\"><span>Cuts & Shaves<\/span><\/h3><div class=\"ut-table-menu\"><div class=\"ut-table-menu-top\"><h6>SIGNATURE SHAVE<\/h6><p><em>\u20ac23<\/em><\/p><\/div><div class=\"ut-table-menu-bottom\"><p style=\"text-transform:uppercase\">Klassische Nassrasur mit hei\u00dfen Kompressen<\/p><\/div><div class=\"ut-table-menu-top\"><h6>HAIR REMOVAL WITH HOT WAX<\/h6><p><em>\u20ac7<\/em><\/p><\/div><div class=\"ut-table-menu-bottom\"><p style=\"text-transform:uppercase\">Gesichtshaarentfernung mit hei\u00dfem Wachs<\/p><\/div><div class=\"ut-table-menu-top\"><h6>BUZZ CUT<\/h6><p><em>\u20ac25<\/em><\/p><\/div><div class=\"ut-table-menu-bottom\"><p style=\"text-transform:uppercase\">Haarschnitt mit der Maschine<\/p><\/div><\/div><\/div><div class=\"clear\"><\/div><\/div>[\/vc_column][\/vc_row][vc_row bklyn_overlay=&#8220;true&#8220; parallax=&#8220;content-moving&#8220; css=&#8220;.vc_custom_1526854021337{padding-top: 300px !important;padding-bottom: 260px !important;background-image: url(https:\/\/barbershop-weiden.de\/wp-content\/uploads\/2019\/05\/Header3.jpg) !important;background-position: center;background-repeat: no-repeat;background-size:cover;}&#8220; bklyn_overlay_color=&#8220;rgba(20, 22, 24, 0.35)&#8220;][vc_column]<div class=\"wpb_content_element \"><style type=\"text\/css\" scoped>#ut_header_69fc771b73cd2 h2 span { color:#ffffff; }#ut_header_69fc771b73cd2 .lead { color:rgba(255, 255, 255, 0.75); }#ut_header_69fc771b73cd2 .lead p { color:rgba(255, 255, 255, 0.75); }#ut_header_69fc771b73cd2.pt-style-2 .page-title:after, #ut_header_69fc771b73cd2.pt-style-2 .parallax-title:after, #ut_header_69fc771b73cd2.pt-style-2 .section-title:after {background-color: #c29e75 !important;height: ;width: ;}<\/style><header id=\"ut_header_69fc771b73cd2\" class=\"section-header ut-no-title-linebreak-mobile ut-no-lead-linebreak-mobile pt-style-2 header-left\"><h2  class=\"section-title \"><span>It\u2019s Not Our Barber Shop, It\u2019s Yours!<\/span><\/h2><\/header><\/div>[\/vc_column][\/vc_row][\/vc_section][vc_section el_name=&#8220;Location \/ Padding Bottom 0px&#8220; css=&#8220;.vc_custom_1526836137660{padding-bottom: 0px !important;background-color: #262626 !important;}&#8220; bklyn_section_anchor_id=&#8220;Location&#8220;][vc_row][vc_column]<div  class=\"wpb_content_element   clearfix\"><style type=\"text\/css\" scoped>#ut_am_69fc771b74279 { opacity: 1; }<\/style><div id=\"ut_am_wrap_69fc771b7427a\" class=\"ut-image-gallery-image \" style=\"text-align:center;\"><div class=\"ut-animated-image-item ut-image-gallery-item ut-animation-done\"><a class=\"ut-deactivated-link\" href=\"#\"><img  id=\"ut_am_69fc771b74279\" style=\"\" src=\"https:\/\/barbershop-weiden.de\/wp-content\/uploads\/2019\/05\/Barbershop-Logo-325x217.png\" width=\"325\" height=\"217\" alt=\"\"\/><\/a><\/div><\/div><\/div>[\/vc_column][\/vc_row][vc_row css=&#8220;.vc_custom_1526852897598{padding-bottom: 80px !important;}&#8220; el_name=&#8220;Padding bottom 80px&#8220;][vc_column width=&#8220;1\/2&#8243;]<div class=\"wpb_content_element \"><style type=\"text\/css\" scoped>#ut_sc_69fc771b742ac .ut-service-column h3 { color: #c29e75; }#ut-svg-69fc771b742ad { display:none; }#ut-svg-69fc771b742ad.ut-svg-loaded { display:block; }#ut-svg-69fc771b742ad path { stroke:rgba(195, 159, 118, 1); }<\/style><div id=\"ut_sc_69fc771b742ac\"  class=\"ut-horizontal-style-align-right  clearfix \" ><div class=\"ut-service-column ut-service-column-horiz\"><h3>ADRESSE<\/h3><p>Eightysixx Barbershop<br \/>\nB\u00fcrgermeister-Prechtl-Stra\u00dfe 20<br \/>\n92637 Weiden<\/p><\/div><\/div><\/div>[\/vc_column][vc_column width=&#8220;1\/2&#8243;]<div class=\"wpb_content_element \"><style type=\"text\/css\" scoped>#ut_sc_69fc771b742d0 .ut-service-column h3 { color: #c29e75; }#ut-svg-69fc771b742d1 { display:none; }#ut-svg-69fc771b742d1.ut-svg-loaded { display:block; }#ut-svg-69fc771b742d1 path { stroke:rgba(195, 159, 118, 1); }<\/style><div id=\"ut_sc_69fc771b742d0\"  class=\"ut-horizontal-style-align-left  clearfix \" ><div class=\"ut-service-column ut-service-column-horiz\"><h3>\u00d6FFNUNGSZEITEN<\/h3><p><b>Montag:<\/b> 12:00 &#8211; 20:00 Uhr<br \/>\n<b>Dienstag:<\/b> Ruhetag<br \/>\n<b>Mittwoch:<\/b> 09:00 &#8211; 18:00 Uhr<br \/>\n<b>Donnerstag:<\/b> 10:00 &#8211; 19:00 Uhr<br \/>\n<b>Freitag:<\/b> 09:30 &#8211; 19:00 Uhr<br \/>\n<b>Samstag:<\/b> 8:00 &#8211; 14:00 Uhr<\/p><\/div><\/div><\/div>[\/vc_column][\/vc_row][vc_row full_width=&#8220;stretch_row_content_no_spaces&#8220; css=&#8220;.vc_custom_1526834265083{margin-bottom: 0px !important;padding-bottom: 0px !important;}&#8220; el_name=&#8220;Google Map \/ Padding and Margin bottom 0&#8243;][vc_column css=&#8220;.vc_custom_1560242978078{margin-bottom: -40px !important;}&#8220;][vc_column_text]<iframe loading=\"lazy\" style=\"border: 0;\" src=\"https:\/\/www.google.com\/maps\/embed?pb=!1m18!1m12!1m3!1d2581.8108342519427!2d12.16016631571766!3d49.67670185069301!2m3!1f0!2f0!3f0!3m2!1i1024!2i768!4f13.1!3m3!1m2!1s0x47a038e561f26ef5%3A0xe75d556356b16c76!2sEightysixxbarbershop!5e0!3m2!1sde!2sde!4v1558387996114!5m2!1sde!2sde\" width=\"100%\" height=\"550\" frameborder=\"0\" allowfullscreen=\"allowfullscreen\"><\/iframe>[\/vc_column_text][\/vc_column][\/vc_row][vc_row][vc_column width=&#8220;1\/6&#8243;][\/vc_column][vc_column width=&#8220;1\/6&#8243;][\/vc_column][vc_column width=&#8220;1\/6&#8243;][vc_column_text css=&#8220;.vc_custom_1560248068974{margin-top: -20px !important;}&#8220;]<center><a href=\"https:\/\/barbershop-weiden.de\/?page_id=340\"><b>Impressum<\/b><\/a><\/center>[\/vc_column_text][\/vc_column][vc_column width=&#8220;1\/6&#8243;][vc_column_text css=&#8220;.vc_custom_1560248095248{margin-top: -20px !important;}&#8220;]<center><a href=\"https:\/\/barbershop-weiden.de\/?page_id=349\"><b>Datenschutz<\/b><\/a><\/center>[\/vc_column_text][\/vc_column][vc_column width=&#8220;1\/6&#8243; css=&#8220;.vc_custom_1560241904840{margin-top: -5px !important;}&#8220;][\/vc_column][vc_column width=&#8220;1\/6&#8243; css=&#8220;.vc_custom_1560241913581{margin-top: -5px !important;}&#8220;][\/vc_column][\/vc_row][\/vc_section]<\/p>\n","protected":false},"excerpt":{"rendered":"<p>[vc_section el_name=&#8220;Who We Are&#8220; bklyn_section_anchor_id=&#8220;Who We Are&#8220;][vc_row][vc_column width=&#8220;5\/12&#8243;][\/vc_column][vc_column width=&#8220;7\/12&#8243;][\/vc_column][\/vc_row][vc_row][vc_column width=&#8220;1\/3&#8243;][\/vc_column][vc_column width=&#8220;1\/3&#8243;][\/vc_column][vc_column width=&#8220;1\/3&#8243;][\/vc_column][\/vc_row][vc_row bklyn_overlay=&#8220;true&#8220; parallax=&#8220;content-moving&#8220; css=&#8220;.vc_custom_1526854038290{padding-top: 300px !important;padding-bottom: 260px !important;background-image: url(https:\/\/barbershop-weiden.de\/wp-content\/uploads\/2019\/06\/DSC08506-2.jpg) !important;background-position: center;background-repeat: no-repeat;background-size:cover;}&#8220; bklyn_overlay_color=&#8220;rgba(20, 22, 24, 0.35)&#8220;][vc_column][vc_row_inner content_placement=&#8220;middle&#8220;][vc_column_inner width=&#8220;1\/3&#8243;][\/vc_column_inner][vc_column_inner width=&#8220;1\/3&#8243;][vc_raw_html]JTNDYSUyMGhyZWYlM0QlMjJodHRwcyUzQSUyRiUyRnd3dy5wbGFuaXR5LmNvbSUyRmRlLURFJTJGZWlnaHR5c2l4eC1iYXJiZXJzaG9wLTkyNjM3LXdlaWRlbi1pbi1kZXItb2JlcnBmYWx6JTJGJTIyJTIwdGFyZ2V0JTNEJTIyX2JsYW5rJTIyJTNFJTNDaW1nJTIwc3JjJTNEJTIyaHR0cHMlM0ElMkYlMkZiYXJiZXJzaG9wLXdlaWRlbi5kZSUyRndwLWNvbnRlbnQlMkZ1cGxvYWRzJTJGMjAyMyUyRjExJTJGQnV0dG9uX2pldHp0X2J1Y2hlbl93ZWlzcy5wbmclMjIlM0UlM0MlMkZhJTNF[\/vc_raw_html][\/vc_column_inner][vc_column_inner width=&#8220;1\/3&#8243;][\/vc_column_inner][\/vc_row_inner][\/vc_column][\/vc_row][\/vc_section][vc_section el_name=&#8220;Services&#8220; bklyn_section_anchor_id=&#8220;Services&#8220;][vc_row][vc_column][\/vc_column][\/vc_row][vc_row][vc_column width=&#8220;1\/2&#8243;][\/vc_column][vc_column width=&#8220;1\/2&#8243;][\/vc_column][\/vc_row][vc_row][vc_column width=&#8220;1\/2&#8243;][\/vc_column][vc_column width=&#8220;1\/2&#8243;][\/vc_column][\/vc_row][vc_row bklyn_overlay=&#8220;true&#8220; parallax=&#8220;content-moving&#8220; css=&#8220;.vc_custom_1526854029623{padding-top: 300px !important;padding-bottom: 260px !important;background-image: url(https:\/\/barbershop-weiden.de\/wp-content\/uploads\/2019\/05\/Vollbild1.jpg) !important;background-position: center;background-repeat: no-repeat;background-size:cover;}&#8220; bklyn_overlay_color=&#8220;rgba(20, 22, 24, 0.35)&#8220;][vc_column][\/vc_column][\/vc_row][\/vc_section][vc_section el_name=&#8220;Prices&#8220; bklyn_section_anchor_id=&#8220;Prices&#8220;][vc_row][vc_column][\/vc_column][\/vc_row][vc_row][vc_column][\/vc_column][\/vc_row][vc_row][vc_column][\/vc_column][\/vc_row][vc_row bklyn_overlay=&#8220;true&#8220; [&hellip;]<\/p>\n","protected":false},"author":1,"featured_media":0,"parent":0,"menu_order":0,"comment_status":"closed","ping_status":"closed","template":"","meta":[],"_links":{"self":[{"href":"https:\/\/barbershop-weiden.de\/index.php?rest_route=\/wp\/v2\/pages\/130"}],"collection":[{"href":"https:\/\/barbershop-weiden.de\/index.php?rest_route=\/wp\/v2\/pages"}],"about":[{"href":"https:\/\/barbershop-weiden.de\/index.php?rest_route=\/wp\/v2\/types\/page"}],"author":[{"embeddable":true,"href":"https:\/\/barbershop-weiden.de\/index.php?rest_route=\/wp\/v2\/users\/1"}],"replies":[{"embeddable":true,"href":"https:\/\/barbershop-weiden.de\/index.php?rest_route=%2Fwp%2Fv2%2Fcomments&post=130"}],"version-history":[{"count":99,"href":"https:\/\/barbershop-weiden.de\/index.php?rest_route=\/wp\/v2\/pages\/130\/revisions"}],"predecessor-version":[{"id":423,"href":"https:\/\/barbershop-weiden.de\/index.php?rest_route=\/wp\/v2\/pages\/130\/revisions\/423"}],"wp:attachment":[{"href":"https:\/\/barbershop-weiden.de\/index.php?rest_route=%2Fwp%2Fv2%2Fmedia&parent=130"}],"curies":[{"name":"wp","href":"https:\/\/api.w.org\/{rel}","templated":true}]}}